{"id":1436,"date":"2025-03-06T15:18:50","date_gmt":"2025-03-06T14:18:50","guid":{"rendered":"https:\/\/globalvillage.fr\/emi\/?page_id=1436"},"modified":"2026-03-30T19:00:23","modified_gmt":"2026-03-30T17:00:23","slug":"accueil","status":"publish","type":"page","link":"https:\/\/globalvillage.fr\/emi\/","title":{"rendered":"accueil"},"content":{"rendered":"\n<div style=\"height:100px\" aria-hidden=\"true\" class=\"wp-block-spacer\"><\/div>\n\n\n\n<div class=\"wp-block-columns is-layout-flex wp-container-core-columns-is-layout-d0b3c9c8 wp-block-columns-is-layout-flex\">\n<div class=\"wp-block-column is-layout-flow wp-block-column-is-layout-flow\">\n<h2 class=\"wp-block-heading has-background\" style=\"background-color:#a7da99\">\u00ab&nbsp;The new electronic interdependence recreates the world in the image of a global village.&nbsp;\u00bb<\/h2>\n\n\n\n<p><a href=\"https:\/\/globalvillage.fr\/emi\/category\/support\" data-type=\"page\" data-id=\"1290\">supports de cours et ateliers<\/a><\/p>\n\n\n\n<p><a href=\"https:\/\/globalvillage.fr\/emi\/parcours-information-et-documentation\/\" data-type=\"page\" data-id=\"1439\">parcours information documentation<\/a><\/p>\n\n\n\n<p><a href=\"https:\/\/globalvillage.fr\/emi\/parcours-education-aux-medias-et-a-linformation\/\" data-type=\"page\" data-id=\"1711\">parcours \u00e9ducation aux m\u00e9dias et \u00e0 l&rsquo;information &#8211; media and information literacy<\/a><\/p>\n\n\n\n<p><a href=\"https:\/\/globalvillage.fr\/emi\/parcours-intelligence-artificielle\/\" data-type=\"page\" data-id=\"1457\">parcours intelligence artificielle &#8211; artificial intelligence<\/a><\/p>\n\n\n\n<p><a href=\"https:\/\/globalvillage.fr\/emi\/category\/webradio\" data-type=\"link\" data-id=\"https:\/\/globalvillage.fr\/emi\/category\/webradio\">parcours webradio<\/a><\/p>\n\n\n\n<p><a href=\"https:\/\/globalvillage.fr\/emi\/category\/mutualisation\/\" data-type=\"category\" data-id=\"65\">mutualisation<\/a><\/p>\n<\/div>\n<\/div>\n\n\n\n<p><\/p>\n","protected":false},"excerpt":{"rendered":"<p>\u00ab&nbsp;The new electronic interdependence recreates the world in the image of a global village.&nbsp;\u00bb supports de cours et ateliers parcours information documentation parcours \u00e9ducation aux m\u00e9dias et \u00e0 l&rsquo;information &#8211; media and information literacy parcours intelligence artificielle &#8211; artificial intelligence parcours webradio mutualisation<\/p>\n","protected":false},"author":1,"featured_media":0,"parent":0,"menu_order":0,"comment_status":"closed","ping_status":"closed","template":"","meta":{"footnotes":""},"class_list":["post-1436","page","type-page","status-publish","hentry"],"_links":{"self":[{"href":"https:\/\/globalvillage.fr\/emi\/wp-json\/wp\/v2\/pages\/1436","targetHints":{"allow":["GET"]}}],"collection":[{"href":"https:\/\/globalvillage.fr\/emi\/wp-json\/wp\/v2\/pages"}],"about":[{"href":"https:\/\/globalvillage.fr\/emi\/wp-json\/wp\/v2\/types\/page"}],"author":[{"embeddable":true,"href":"https:\/\/globalvillage.fr\/emi\/wp-json\/wp\/v2\/users\/1"}],"replies":[{"embeddable":true,"href":"https:\/\/globalvillage.fr\/emi\/wp-json\/wp\/v2\/comments?post=1436"}],"version-history":[{"count":18,"href":"https:\/\/globalvillage.fr\/emi\/wp-json\/wp\/v2\/pages\/1436\/revisions"}],"predecessor-version":[{"id":1719,"href":"https:\/\/globalvillage.fr\/emi\/wp-json\/wp\/v2\/pages\/1436\/revisions\/1719"}],"wp:attachment":[{"href":"https:\/\/globalvillage.fr\/emi\/wp-json\/wp\/v2\/media?parent=1436"}],"curies":[{"name":"wp","href":"https:\/\/api.w.org\/{rel}","templated":true}]}}